{"id":2703,"date":"2016-05-17T11:09:56","date_gmt":"2016-05-17T11:09:56","guid":{"rendered":"http:\/\/girovai2.wandcclients.com\/it\/?page_id=2703"},"modified":"2016-07-26T15:45:03","modified_gmt":"2016-07-26T15:45:03","slug":"pagamento-online","status":"publish","type":"page","link":"https:\/\/girovai.com\/it\/pagamento-online\/","title":{"rendered":"Pagamento Online"},"content":{"rendered":"<h2>Sistema di pagamento<\/h2>\n<p>In Girovai.com ti offriamo tre forme di pagamento per le tue vacanze.<\/p>\n<h3>1. Pagamento online<\/h3>\n<p><img loading=\"lazy\" decoding=\"async\" class=\"size-full wp-image-2817 alignright\" src=\"https:\/\/girovai.com\/wp-content\/uploads\/2016\/05\/download.png\" alt=\"WebPay Plus\" width=\"290\" height=\"159\" srcset=\"https:\/\/girovai.com\/wp-content\/uploads\/2016\/05\/download.png 290w, https:\/\/girovai.com\/wp-content\/uploads\/2016\/05\/download-120x66.png 120w\" sizes=\"auto, (max-width: 290px) 100vw, 290px\" \/>Attraverso il nostro sito potrai realizzare acquisti sicuri attraverso WebPayPlus. La maggior parte delle nostre mete possono essere totalmente personalizzate, per cui ti contatteremo via mail e\/o via telefono di fronte a ogni richiesta, per costruire insieme la tua avventura. Dopo che avrai deciso la tua meta ti invieremo una mail con un link personalizzato, visibile solo a te, dove appariranno il programma e la tariffa da pagare per la prenotazione. In questo sito potrai fare il \u201ccheck out\u201d inserendo i dati della tua carta di credito.<\/p>\n<p>Ti ricordiamo che Girovai.com usa il sistema di sicurezza SSL (Secure Socket Layer), che \u00e8 usato dalle pi\u00f9 importanti compagnie del mondo per assicurare le transazioni elettroniche. Questo significa che qualsiasi informazione che ci invii sar\u00e0 criptata e non pu\u00f2 essere facilmente intercettata.<\/p>\n<p>La transazione con la tua carta di credito \u00e8 gestita interamente dai server di WebPayPlus, anche questi protetti dal sistema SSL. Questo implica un&#8217;ulteriore misura di sicurezza, perch\u00e9 significa che Girovai.com non memorizza i dati della tua carta di credito nel suo sito. Per saperne di pi\u00f9 su WebPayPlus <a href=\"https:\/\/www.webpay.cl\/\">https:\/\/www.webpay.cl\/<\/a><\/p>\n<h3>2.\u00a0Trasferimento bancario<\/h3>\n<p>I clienti che si trovano all\u2019estero possono fare un bonifico bancario sul conto in dollari di Girovai.com del Banco de Chile. Le coordinate sono le seguenti:<\/p>\n<p><strong>Nome della banca:<\/strong> Banco de Chile<br \/>\n<strong>Swift:<\/strong>BCHICLRM<br \/>\n<strong>Indirizzo:<\/strong> Avda. Irarr\u00e1zaval 3057 \u00d1u\u00f1oa, Santiago, Chile<br \/>\n<strong>Nome del beneficiario:<\/strong> Inversiones Ferrara Ltda.<br \/>\n<strong>RUT (ID number):<\/strong>77.361.640-K<br \/>\n<strong>N\u00ba conto:<\/strong> 5-160-84054-00<br \/>\n<strong>Indirizzo del beneficiario:<\/strong> Maravedies 1010, Pe\u00f1alolen, Santiago, Chile<\/p>\n<p>Le spese di emissione dell\u2019ordine di pagamento so<\/p>\n","protected":false},"excerpt":{"rendered":"<p>Sistema di pagamento In Girovai.com ti offriamo tre forme di pagamento per le tue vacanze. 1. Pagamento online Attraverso il nostro sito potrai realizzare acquisti sicuri attraverso WebPayPlus. La maggior parte delle nostre mete possono essere totalmente personalizzate, per cui ti contatteremo via mail e\/o via telefono di fronte a ogni richiesta, per costruire insieme [&hellip;]<\/p>\n","protected":false},"author":3,"featured_media":0,"parent":0,"menu_order":0,"comment_status":"closed","ping_status":"closed","template":"","meta":{"_acf_changed":false,"footnotes":""},"class_list":["post-2703","page","type-page","status-publish","hentry"],"acf":[],"_links":{"self":[{"href":"https:\/\/girovai.com\/it\/wp-json\/wp\/v2\/pages\/2703","targetHints":{"allow":["GET"]}}],"collection":[{"href":"https:\/\/girovai.com\/it\/wp-json\/wp\/v2\/pages"}],"about":[{"href":"https:\/\/girovai.com\/it\/wp-json\/wp\/v2\/types\/page"}],"author":[{"embeddable":true,"href":"https:\/\/girovai.com\/it\/wp-json\/wp\/v2\/users\/3"}],"replies":[{"embeddable":true,"href":"https:\/\/girovai.com\/it\/wp-json\/wp\/v2\/comments?post=2703"}],"version-history":[{"count":0,"href":"https:\/\/girovai.com\/it\/wp-json\/wp\/v2\/pages\/2703\/revisions"}],"wp:attachment":[{"href":"https:\/\/girovai.com\/it\/wp-json\/wp\/v2\/media?parent=2703"}],"curies":[{"name":"wp","href":"https:\/\/api.w.org\/{rel}","templated":true}]}}