{"id":2464,"date":"2014-06-02T14:16:04","date_gmt":"2014-06-02T14:16:04","guid":{"rendered":"http:\/\/girovai2.wandcclients.com\/it\/chi-siamo\/"},"modified":"2016-03-08T14:03:44","modified_gmt":"2016-03-08T14:03:44","slug":"chi-siamo","status":"publish","type":"page","link":"https:\/\/girovai.com\/it\/chi-siamo\/","title":{"rendered":"Chi siamo"},"content":{"rendered":"<h2>Un po &#8216;di noi e il nostro spirito.<\/h2>\n<p>Andiamo oltre\u00a0 le barriere geografiche della regione pi\u00f9 australe del mondo. \u00c8 quest&#8217;essenza, questa volont\u00e0 di trascendere i limiti del tempo e dello spazio, che accomuna un gruppo di viaggiatori di diversi paesi e con un diverso retroterra culturale. Cercando di seguire le tracce di antichi esploratori, vogliamo essere una compagnia capace di complementare questo spirito con gli standard attuali di qualit\u00e0 di servizio, che anche il pi\u00f9 sperimentato viaggiatore sapr\u00e0 esigere. Crediamo in ci\u00f2 che facciamo e sosteniamo che al privilegio di viaggiare debba accompagnarsi la sensibilit\u00e0 di chi ama questa regione. In sintonia con l&#8217;ambiente e gli esseri umani che ci stanno intorno, mettiamo la nostra esperienza al vostro servizio, perch\u00e9 non vi perdiate nulla della magia e dell&#8217;autenticit\u00e0 dei luoghi.<\/p>\n","protected":false},"excerpt":{"rendered":"<p>Un po &#8216;di noi e il nostro spirito. Andiamo oltre\u00a0 le barriere geografiche della regione pi\u00f9 australe del mondo. \u00c8 quest&#8217;essenza, questa volont\u00e0 di trascendere i limiti del tempo e dello spazio, che accomuna un gruppo di viaggiatori di diversi paesi e con un diverso retroterra culturale. Cercando di seguire le tracce di antichi esploratori, [&hellip;]<\/p>\n","protected":false},"author":3,"featured_media":0,"parent":0,"menu_order":0,"comment_status":"closed","ping_status":"closed","template":"page-about.php","meta":{"_acf_changed":false,"footnotes":""},"class_list":["post-2464","page","type-page","status-publish","hentry"],"acf":[],"_links":{"self":[{"href":"https:\/\/girovai.com\/it\/wp-json\/wp\/v2\/pages\/2464","targetHints":{"allow":["GET"]}}],"collection":[{"href":"https:\/\/girovai.com\/it\/wp-json\/wp\/v2\/pages"}],"about":[{"href":"https:\/\/girovai.com\/it\/wp-json\/wp\/v2\/types\/page"}],"author":[{"embeddable":true,"href":"https:\/\/girovai.com\/it\/wp-json\/wp\/v2\/users\/3"}],"replies":[{"embeddable":true,"href":"https:\/\/girovai.com\/it\/wp-json\/wp\/v2\/comments?post=2464"}],"version-history":[{"count":0,"href":"https:\/\/girovai.com\/it\/wp-json\/wp\/v2\/pages\/2464\/revisions"}],"wp:attachment":[{"href":"https:\/\/girovai.com\/it\/wp-json\/wp\/v2\/media?parent=2464"}],"curies":[{"name":"wp","href":"https:\/\/api.w.org\/{rel}","templated":true}]}}