{"id":2462,"date":"2014-06-02T21:29:49","date_gmt":"2014-06-02T21:29:49","guid":{"rendered":"http:\/\/girovai2.wandcclients.com\/it\/faq\/"},"modified":"2016-03-01T14:39:45","modified_gmt":"2016-03-01T14:39:45","slug":"faq","status":"publish","type":"page","link":"https:\/\/girovai.com\/it\/faq\/","title":{"rendered":"FAQ"},"content":{"rendered":"<div class=\"omsc-accordion\"><br \/>\n<div class=\"omsc-toggle\"><div class=\"omsc-toggle-title\">HO BISOGNO DI UN'ASSICURAZIONE DI VIAGGIO PER VISITARE LE METE DI GIROVAI.COM?<\/div><div class=\"omsc-toggle-inner\"><\/p>\n<p style=\"color: #525e66;\">La nostra impresa raccomanda fortemente a tutti i clienti di stipulare un&#8217;assicurazione di viaggio completa e totale nel proprio paese d&#8217;origine o nel posto in cui si trovino prima di partire per uno dei nostri viaggi.\u00a0Questa assicurazione deve coprire la cancellazione o la restrizione del programma;\u00a0tutte le eventuali spese mediche;\u00a0lesioni lievi, moderate e gravi;\u00a0morte o discapacit\u00e0 temporale e permanente e la responsabilit\u00e0 personale del viaggiatore, visto che la nostra impresa non si fa responsabile per eventuali incidenti, perdite o danni all&#8217;equipaggiamento, cancellazione voli, spese o costi medici.<\/p>\n<p style=\"color: #525e66;\">La nostra impresa non conta con un&#8217;assicurazione generale d&#8217;emergenza, n\u00e9 assicurazione per casi di forza maggiore, n\u00e9 per situazioni frutto di circostanze impreviste. Per questa ragione si raccomanda di stipulare tutte le assicurazioni necessarie a coprire le attivit\u00e0 da realizzare, cos\u00ec come le cancellazioni o le omissioni nelle spedizioni. \u00c8 inoltre necessario che i viaggiatori seguano le istruzioni del personale specializzato, le guide, i sentieri segnalati, i percorsi e il resto delle attrazioni turistiche.<\/p>\n<p><\/div><\/div><br \/>\n<div class=\"omsc-toggle\"><div class=\"omsc-toggle-title\">CON CHE ANTICIPO DEVO PRENOTARE LE MIE VACANZE?<\/div><div class=\"omsc-toggle-inner\"><\/p>\n<p><span style=\"color: #525e66;\">Le prenotazioni delle mete di www.girovai.com devono essere fatte con un minimo di tre mesi di anticipo sulla data d&#8217;inizio del viaggio, in caso contrario deve esserne verificata la disponibilit\u00e0.<\/span><\/p>\n<p><\/div><\/div><br \/>\n<div class=\"omsc-toggle\"><div class=\"omsc-toggle-title\">QUALI SONO LE CONDIZIONI DI PAGAMENTO E PRENOTAZIONE?<\/div><div class=\"omsc-toggle-inner\"><\/p>\n<p style=\"color: #525e66;\">Accettate le condizioni di vendita di ogni destino su\u00a0www.girovai.com\u00a0\u00a0il cliente\u00a0dovr\u00e0 fornire:<\/p>\n<ul style=\"color: #525e66;\">\n<li>Un deposito iniziale del 30% del costo totale del viaggio.<\/li>\n<li>Nel caso in cui acquisti un biglietto aereo, il cliente dovr\u00e0 pagare il 100% del costo dello stesso, in un lasso di tempo non superiore a 10 giorni dalla data di accettazione<\/li>\n<\/ul>\n<p style=\"color: #525e66;\">Pagamento finale:<\/p>\n<ul style=\"color: #525e66;\">\n<li>Il saldo totale restante, che corrisponde al 70% del medesimo, dovr\u00e0 essere pagato con almeno 30 giorni di anticipo rispetto alla data di inizio del viaggio.<\/li>\n<li>La tua prenotazione su\u00a0www.girovai.com\u00a0sar\u00e0 confermata solamente quando avremo ottenuto l&#8217;autorizzazione dalla tua carta di credito.<\/li>\n<\/ul>\n<p style=\"color: #525e66;\">Le prenotazioni delle mete offerte su\u00a0www.girovai.com\u00a0devono essere effettuate con un anticipo minimo di 3 mesi rispetto alla data di inizio del viaggio, in caso contrario si dovr\u00e0 verificarne la disponibilit\u00e0.<\/p>\n<p><\/div><\/div><br \/>\n<div class=\"omsc-toggle\"><div class=\"omsc-toggle-title\">QUAL \u00c8 LA POLITICA DI CANCELLAZIONE?<\/div><div class=\"omsc-toggle-inner\"><\/p>\n<p style=\"color: #525e66;\">Qui sotto in dettaglio le penali in caso di cancellazione<\/p>\n<ul style=\"color: #525e66;\">\n<li>Le cancellazioni ricevute da 60 a 45 giorni (45\/o incluso) prima della data di partenza saranno soggette a una penale pari al 25% della tariffa del viaggio;<\/li>\n<li>Le cancellazioni ricevute da 28\u00a0a 44 giorni (28\/o incluso) prima della data di partenza saranno soggette a una penale pari al 50% della tariffa del viaggio;<\/li>\n<li>Le cancellazioni ricevute da 14\u00a0a 27\u00a0giorni (14\/o incluso) prima della data di partenza saranno soggette a una penale pari al 75% della tariffa del viaggio;<\/li>\n<li>Le cancellazioni ricevute da 13\u00a0giorni o meno prima della data di partenza saranno soggette a una penale pari al 100% della tariffa del viaggio;<\/li>\n<\/ul>\n<p><\/div><\/div><br \/>\n<div class=\"omsc-toggle\"><div class=\"omsc-toggle-title\">COSA ASPETTI GENERALI HEALTHCARE DEVO CONSIDERARE DURANTE IL MIO VIAGGIO?<\/div><div class=\"omsc-toggle-inner\"><\/p>\n<p><span style=\"color: #525e66;\">\u00c8 consigliabile preparare una &#8220;cassetta dei medicinali&#8221; personale per il viaggio, che comprenda per lo meno un kit per il primo soccorso (disinfettanti, bende, cerotti, forbicine, cotone, termometro); un repellente per insetti; protettore solare; crema per le punture di insetto; antipiretico (paracetamolo); antidiarreico e antibiotico intestinale; e medicine abituali.<\/span><\/p>\n<p><\/div><\/div><br \/>\n<div class=\"omsc-toggle\"><div class=\"omsc-toggle-title\">QUALI ASPETTI GENERALI DEVO TENERE IN CONSIDERAZIONE DURANTE IL VIAGGIO?<\/div><div class=\"omsc-toggle-inner\"><\/p>\n<p><span style=\"color: #525e66;\">Vi consigliamo di evitare il consumo di verdure e molluschi crudi, il ghiaccio nelle bevande, cos\u00ec come le bibite non sigillate. Importante per evitare infezioni \u00e8 lavarsi correttamente le mani prima di ogni pasto, specialmente dopo aver utilizzato i servizi igienici. Vi suggeriamo inoltre di evitare il contatto con gli animali. Se prendete regolarmente farmaci ( in caso di ipertensione, epilessia, malattie gastrointestinali, cardiovascolari ecc.) informate sempre il vostro medico curante prima del viaggio. Nonostante sia importante non interrompere i trattamenti, \u00e8 consigliabile che sia il medico a valutare eventuali controindicazioni o incompatibilit\u00e0 con i metodi di prevenzione di alcune malattie relazionate con il viaggio (per esempio malaria o vaccini).<\/span><\/p>\n<p><\/div><\/div><br \/>\n<div class=\"omsc-toggle\"><div class=\"omsc-toggle-title\">COME DEVO COMPORTARME CON GLI ANIMALI DURANTE IL VIAGGIO?<\/div><div class=\"omsc-toggle-inner\"><\/p>\n<p style=\"color: #525e66;\">\u00c8 consigliabile evitare il contatto con animali che possano trasmettere la rabbia.Se venite morsi da un animale, vi raccomandiamo di andare immediatamente al centro medico o sanitario pi\u00f9 vicino.<\/p>\n<p style=\"color: #525e66;\">Il morso di un animale (cane, gatto, roditore o pipistrello) pu\u00f2 implicare la trasmissione di malattie potenzialmente pericolose per l&#8217;essere umano o, pi\u00f9 frequentemente, di infezioni comuni causate dai batteri presenti nella saliva di questi animali. Infezioni per le quali si necessita un adeguato trattamento antibiotico.<\/p>\n<p><\/div><\/div><\/p>\n<p><div class=\"omsc-toggle\"><div class=\"omsc-toggle-title\">CHE PRECAUZIONI DEVO PRENDERE CON GLI INSETTI DURANTE IL VIAGGIO?<\/div><div class=\"omsc-toggle-inner\"><\/p>\n<p style=\"color: #525e66;\"><span style=\"color: #525e66;\">\u00c8 prudente evitare l&#8217;uso di deodoranti o profumi che possano attrarre insetti. Non \u00e8 raccomandabile camminare a piedi nudi o con infradito; meglio utilizzare calzature chiuse. Dato che gli insetti sono la forma di infezione pi\u00f9 frequente durante un viaggio, \u00e8 importante evitare le punture usando repellenti o altre precauzioni appropriate (zanzariere, magliette a maniche lunghe, calzini alti, ecc.). In caso di punture di insetto, vi raccomandiamo di avvisare la vostra guida e disinfettare la zona interessata con particolare cura.<\/span><\/p>\n<p><\/div><\/div><\/p>\n<p><div class=\"omsc-toggle\"><div class=\"omsc-toggle-title\">IN CHE MANIERA POSSO RIDURRE IL RISCHIO DI AMMALARMI DURANTE IL VIAGGIO?<\/div><div class=\"omsc-toggle-inner\"><\/p>\n<p style=\"color: #525e66;\">Le malattie a trasmissione feco-orale, come la diarrea del viaggiatore, le epatiti A ed E, il Tifo, il Colera, sono le malattie pi\u00f9 frequenti per chi viaggia. La causa \u00e8 il consumo di alimenti o bevande infette da virus, batteri o parassiti e generalmente si manifestano con sintomi dell&#8217;apparato digestivo (nausea, vomito, dolori addominali, diarrea)<\/p>\n<p style=\"color: #525e66;\">La miglior prevenzione \u00e8 fare attenzione a quello che si mangia e seguire le seguienti regole basilari:<\/p>\n<ul style=\"color: #525e66;\">\n<li>Consumare alimenti a base di pesce, carne o crostacei solo se sono ben cotti e ancora caldi.<\/li>\n<li>Evitare gli alimenti che contengono uova (maionese, salse).<\/li>\n<li>Non mangiare gelati non confezionati.<\/li>\n<li>Evitare di consumare verdura cruda o frutta che non pu\u00f2 essere pelata.<\/li>\n<li>Bere acqua solamente da bottiglie sigillate o bollirla per almeno tre minuti.<\/li>\n<li>Evitare in maniera assoluta il ghiaccio nelle bibite.<\/li>\n<li>Evitare il consumo di latte e suoi derivati se non si \u00e8 sicuri della provenienza.<\/li>\n<li>Utilizzare acqua in bottiglia per lavarsi i denti e prendere medicinali.<\/li>\n<\/ul>\n<p><\/div><\/div><\/p>\n<p><div class=\"omsc-toggle\"><div class=\"omsc-toggle-title\">CHE COS'\u00c8 L'HANTAVIRUS E COME SI PU\u00d2 PREVENIRE IL CONTAGIO?<\/div><div class=\"omsc-toggle-inner\"><\/p>\n<p>Questa malattia stagionale merita un rilievo particolare. Il rischio di contagio si presenta soprattutto in primavera ed estate, per l&#8217;intrusione dell&#8217;uomo nell&#8217;habitat del ratto dalla coda lunga (Oligoryzomys longicaudatus). Questa malattia si contrae con il morso del roditore o semplicemente consumando cibo o acqua infetti o respirando aria contaminata con la saliva, l&#8217;orina o le feci del ratto<\/p>\n<p>Per evitare il contagio vi suggeriamo di seguire le seguenti indicazioni:<\/p>\n<ul>\n<li>Evitare le zone incolte o con arbusti con frutti<\/li>\n<li>Entrando in boschi o zone a vegetazione densa, camminate nei sentieri abilitati.<\/li>\n<li>Se raccogliete frutti o semi silvestri (rosa mosqueta, nocciole, pinoli, more, ecc.), non annusateli prima di mangiarli, lavate molto bene i frutti e le vostre mani.<\/li>\n<li>Accampatevi nei luoghi preposti e assicuratevi che il campeggio abbia l&#8217;autorizzazione del Servizio di salute competente.<\/li>\n<\/ul>\n<p><\/div><\/div><br \/>\n<\/div>\n","protected":false},"excerpt":{"rendered":"","protected":false},"author":3,"featured_media":0,"parent":0,"menu_order":0,"comment_status":"closed","ping_status":"closed","template":"page-fullwidth.php","meta":{"_acf_changed":false,"footnotes":""},"class_list":["post-2462","page","type-page","status-publish","hentry"],"acf":[],"_links":{"self":[{"href":"https:\/\/girovai.com\/it\/wp-json\/wp\/v2\/pages\/2462","targetHints":{"allow":["GET"]}}],"collection":[{"href":"https:\/\/girovai.com\/it\/wp-json\/wp\/v2\/pages"}],"about":[{"href":"https:\/\/girovai.com\/it\/wp-json\/wp\/v2\/types\/page"}],"author":[{"embeddable":true,"href":"https:\/\/girovai.com\/it\/wp-json\/wp\/v2\/users\/3"}],"replies":[{"embeddable":true,"href":"https:\/\/girovai.com\/it\/wp-json\/wp\/v2\/comments?post=2462"}],"version-history":[{"count":0,"href":"https:\/\/girovai.com\/it\/wp-json\/wp\/v2\/pages\/2462\/revisions"}],"wp:attachment":[{"href":"https:\/\/girovai.com\/it\/wp-json\/wp\/v2\/media?parent=2462"}],"curies":[{"name":"wp","href":"https:\/\/api.w.org\/{rel}","templated":true}]}}