{"id":2704,"date":"2016-05-17T11:09:56","date_gmt":"2016-05-17T11:09:56","guid":{"rendered":"http:\/\/girovai2.wandcclients.com\/es\/?page_id=2704"},"modified":"2016-07-26T15:45:09","modified_gmt":"2016-07-26T15:45:09","slug":"pago-online","status":"publish","type":"page","link":"https:\/\/girovai.com\/es\/pago-online\/","title":{"rendered":"Pago online"},"content":{"rendered":"<h2>Sistema de pago<\/h2>\n<p>En Girovai.com te ofrecemos tres formas de pagar tus vacaciones:<\/p>\n<h3>1. Pago online:<\/h3>\n<p><img loading=\"lazy\" decoding=\"async\" class=\"size-full wp-image-2817 alignright\" src=\"https:\/\/girovai.com\/wp-content\/uploads\/2016\/05\/download.png\" alt=\"WebPay Plus\" width=\"290\" height=\"159\" srcset=\"https:\/\/girovai.com\/wp-content\/uploads\/2016\/05\/download.png 290w, https:\/\/girovai.com\/wp-content\/uploads\/2016\/05\/download-120x66.png 120w\" sizes=\"auto, (max-width: 290px) 100vw, 290px\" \/>A trav\u00e9s de nuestro sitio podr\u00e1s realizar compras seguras a trav\u00e9s de WebPay plus. La mayor parte de nuestros destinos pueden ser totalmente personalizados, por lo que siempre te contactaremos a trav\u00e9s de correo electr\u00f3nico y\/o tel\u00e9fono apenas nos env\u00edes alguna solicitud. En conjunto armaremos tu aventura. Cuando ya hayas decidido tu destino te enviaremos un correo electr\u00f3nico con un link personalizado que s\u00f3lo ser\u00e1 visible para ti en donde aparecer\u00e1 el detalle de tu destino, junto con el precio a pagar por la reserva de tu viaje.\u00a0 En ese sitio podr\u00e1s hacer el \u201ccheck-out\u201d ingresando los datos de tu tarjeta bancaria.<\/p>\n<p>Te recordamos que Girovai.com usa el sistema de seguridad SSL (Secure Socket Layer), el cual es usado por algunas de las m\u00e1s importantes compa\u00f1ias en el mundo con el prop\u00f3sito de asegurar las transacciones electr\u00f3nicas. Eso quiere decir que cualquier informaci\u00f3n que nos env\u00edas est\u00e1 encriptada y no puede ser f\u00e1cilmente interceptada.<\/p>\n<p>La transacci\u00f3n con tu tarjeta de cr\u00e9dito es manejada enteramente por los servidores de WebPay Plus, los cuales tambi\u00e9n est\u00e1n protegidos por SSL, lo cual significa que Girovai.com no guarda la informaci\u00f3n de tu tarjeta de cr\u00e9dito en su sitio, lo cual es una capa adicional de seguridad. Averigua m\u00e1s sobre WebPay Plus aqu\u00ed <a href=\"https:\/\/www.webpay.cl\/\">https:\/\/www.webpay.cl\/<\/a><\/p>\n<h3>2. Transferencia bancaria:<\/h3>\n<p>Los clientes que se encuentren en el extranjero pueden hacer transferencias bancarias a la cuenta en d\u00f3lares de Girovai.com del Banco de Chile. Los datos son los siguientes:<\/p>\n<p><strong>Nombre del banco:<\/strong> Banco de Chile<br \/>\n<strong>Swift:\u00a0<\/strong>BCHICLRM<br \/>\n<strong>Direcci\u00f3n:<\/strong> Avda. Irarr\u00e1zaval 3057 \u00d1u\u00f1oa, Santiago, Chile<br \/>\n<strong>Nombre beneficiario:<\/strong> Inversiones Ferrara Ltda.<br \/>\n<strong>RUT (ID number):<\/strong> 77.361.640-K<br \/>\n<strong>N\u00ba cuenta<\/strong>: 5-160-84054-00<br \/>\n<strong>Direcci\u00f3n beneficiario:<\/strong> Maravedies 1010, Pe\u00f1alolen, Santiago, Chile<\/p>\n<p>Los gastos generados por la emisi\u00f3n de la orden de pago corren por cuenta del cliente. El monto total o parcial cotizado, seg\u00fan lo convenido, no debe reducirse por ning\u00fan concepto.<\/p>\n<p>Adem\u00e1s Girovai.com acepta dep\u00f3sitos en su cuenta corriente o transferencias electr\u00f3nicas. Los datos son los siguientes:<\/p>\n<p><strong>Nombre<\/strong>: Inversiones Ferrara Limitada<br \/>\n<strong>RUT (ID number):<\/strong>77.361.640-K<br \/>\n<strong>Banco:<\/strong> Banco de Chile<br \/>\n<strong>N\u00ba de cuenta &#8211; (para pagos en d\u00f3lares):<\/strong> 5-160-84054-00<br \/>\n<strong>N\u00ba de cuenta &#8211; (para pagos en pesos):<\/strong> 160-09256-06<br \/>\n<strong>Por favor, enviar comprobante a:<\/strong> info@girovai.com<\/p>\n<h3>3. PayPal<\/h3>\n<p>Aceptamos pagos via PayPal. Todos los clientes que deseen usar esta opci\u00f3n de pago deben tener una cuenta en PayPal. Aquellos clientes que no posean una cuenta en PayPal pueden crear una de manera gratuita.<\/p>\n<p>Hay un cobro adicional de 5% para los clientes que usen esta opci\u00f3n de pago.<\/p>\n","protected":false},"excerpt":{"rendered":"<p>Sistema de pago En Girovai.com te ofrecemos tres formas de pagar tus vacaciones: 1. Pago online: A trav\u00e9s de nuestro sitio podr\u00e1s realizar compras seguras a trav\u00e9s de WebPay plus. La mayor parte de nuestros destinos pueden ser totalmente personalizados, por lo que siempre te contactaremos a trav\u00e9s de correo electr\u00f3nico y\/o tel\u00e9fono apenas nos [&hellip;]<\/p>\n","protected":false},"author":3,"featured_media":0,"parent":0,"menu_order":0,"comment_status":"closed","ping_status":"closed","template":"","meta":{"_acf_changed":false,"footnotes":""},"class_list":["post-2704","page","type-page","status-publish","hentry"],"acf":[],"_links":{"self":[{"href":"https:\/\/girovai.com\/es\/wp-json\/wp\/v2\/pages\/2704","targetHints":{"allow":["GET"]}}],"collection":[{"href":"https:\/\/girovai.com\/es\/wp-json\/wp\/v2\/pages"}],"about":[{"href":"https:\/\/girovai.com\/es\/wp-json\/wp\/v2\/types\/page"}],"author":[{"embeddable":true,"href":"https:\/\/girovai.com\/es\/wp-json\/wp\/v2\/users\/3"}],"replies":[{"embeddable":true,"href":"https:\/\/girovai.com\/es\/wp-json\/wp\/v2\/comments?post=2704"}],"version-history":[{"count":0,"href":"https:\/\/girovai.com\/es\/wp-json\/wp\/v2\/pages\/2704\/revisions"}],"wp:attachment":[{"href":"https:\/\/girovai.com\/es\/wp-json\/wp\/v2\/media?parent=2704"}],"curies":[{"name":"wp","href":"https:\/\/api.w.org\/{rel}","templated":true}]}}