{"id":2463,"date":"2014-06-02T14:16:04","date_gmt":"2014-06-02T14:16:04","guid":{"rendered":"http:\/\/girovai2.wandcclients.com\/es\/somos-informacion-general\/"},"modified":"2016-03-08T14:03:48","modified_gmt":"2016-03-08T14:03:48","slug":"somos-informacion-general","status":"publish","type":"page","link":"https:\/\/girovai.com\/es\/somos-informacion-general\/","title":{"rendered":"Somos: Informaci\u00f3n general"},"content":{"rendered":"<h2>Somos: Informaci\u00f3n general<\/h2>\n<p>Un poco sobre nosotros y nuestro esp\u00edritu. Somos un grupo de viajeros de diferentes profesiones y nacionalidades en la b\u00fasqueda de romper las barreras geogr\u00e1ficas de la regi\u00f3n m\u00e1s austral del mundo, un lugar que ha trascendido las fronteras del tiempo y de la historia.<\/p>\n<p>Con el mismo esp\u00edritu aventurero de pioneros exploradores, realizamos viajes con altos est\u00e1ndares de servicio.<\/p>\n<p>Creemos y nos gusta lo que hacemos, por eso queremos que compartas con nosotros la experiencia Girovai.com sin fronteras.<\/p>\n<p>Te invitamos para que explores lo genuino, lo aut\u00e9ntico, y lo m\u00e1gico de nuestros destinos, bajo la \u00f3ptica del respeto por la preservaci\u00f3n del entorno.<\/p>\n","protected":false},"excerpt":{"rendered":"<p>Somos: Informaci\u00f3n general Un poco sobre nosotros y nuestro esp\u00edritu. Somos un grupo de viajeros de diferentes profesiones y nacionalidades en la b\u00fasqueda de romper las barreras geogr\u00e1ficas de la regi\u00f3n m\u00e1s austral del mundo, un lugar que ha trascendido las fronteras del tiempo y de la historia. Con el mismo esp\u00edritu aventurero de pioneros [&hellip;]<\/p>\n","protected":false},"author":3,"featured_media":0,"parent":0,"menu_order":0,"comment_status":"closed","ping_status":"closed","template":"page-about.php","meta":{"_acf_changed":false,"footnotes":""},"class_list":["post-2463","page","type-page","status-publish","hentry"],"acf":[],"_links":{"self":[{"href":"https:\/\/girovai.com\/es\/wp-json\/wp\/v2\/pages\/2463","targetHints":{"allow":["GET"]}}],"collection":[{"href":"https:\/\/girovai.com\/es\/wp-json\/wp\/v2\/pages"}],"about":[{"href":"https:\/\/girovai.com\/es\/wp-json\/wp\/v2\/types\/page"}],"author":[{"embeddable":true,"href":"https:\/\/girovai.com\/es\/wp-json\/wp\/v2\/users\/3"}],"replies":[{"embeddable":true,"href":"https:\/\/girovai.com\/es\/wp-json\/wp\/v2\/comments?post=2463"}],"version-history":[{"count":0,"href":"https:\/\/girovai.com\/es\/wp-json\/wp\/v2\/pages\/2463\/revisions"}],"wp:attachment":[{"href":"https:\/\/girovai.com\/es\/wp-json\/wp\/v2\/media?parent=2463"}],"curies":[{"name":"wp","href":"https:\/\/api.w.org\/{rel}","templated":true}]}}