{"id":2460,"date":"2014-06-02T21:29:49","date_gmt":"2014-06-02T21:29:49","guid":{"rendered":"http:\/\/girovai2.wandcclients.com\/es\/faq\/"},"modified":"2016-03-01T14:34:20","modified_gmt":"2016-03-01T14:34:20","slug":"faq","status":"publish","type":"page","link":"https:\/\/girovai.com\/es\/faq\/","title":{"rendered":"FAQs"},"content":{"rendered":"<div class=\"omsc-accordion\"><br \/>\n<div class=\"omsc-toggle\"><div class=\"omsc-toggle-title\"> \u00bfNECESITO UN SEGURO DE VIAJES PARA VISITAR LOS DESTINOS DE GIROVAI.COM? <\/div><div class=\"omsc-toggle-inner\"><br \/>\nNuestra empresa recomienda encarecidamente a todos nuestros clientes que tomen un seguro de viaje completo y total desde su pa\u00eds de origen o de donde se encuentren previo a iniciar alguno de nuestros programas.\u00a0Este seguro debe cubrir la cancelaci\u00f3n o restricci\u00f3n del programa;\u00a0todos los gastos m\u00e9dicos;\u00a0lesi\u00f3n leve, moderada y grave;\u00a0muerte o incapacidad temporal o permanente y la responsabilidad personal por las propias acciones del pasajero, dado que nuestra empresa no ser\u00e1 responsable de los accidentes, p\u00e9rdida o da\u00f1os del equipaje, vuelos, gastos o costos m\u00e9dicos.<\/p>\n<p>Nuestra empresa no posee seguro general de emergencia ni seguro en caso de contingencias de fuerza mayor, ni seguro para casos derivados de circunstancias imprevistas. Por esta raz\u00f3n se recomienda tomar todos los seguros necesarios que cubran todas las actividades a realizar as\u00ed como tambi\u00e9n las cancelaciones u omisiones de las expediciones. Adem\u00e1s es necesario que los pasajeros sigan las instrucciones del personal especializado, los gu\u00edas, los senderos se\u00f1alizados, las rutas y el resto de atractivos tur\u00edsticos.<\/p>\n<p><\/div><\/div><br \/>\n<div class=\"omsc-toggle\"><div class=\"omsc-toggle-title\">\u00bfQU\u00c9 TAN PRONTO DEBO RESERVAR MIS VACACIONES?<\/div><div class=\"omsc-toggle-inner\"><\/p>\n<p>Las reservas de los destinos de www.girovai.com deben hacerse con un m\u00ednimo de tres meses antes del inicio del viaje, de lo contrario se debe comprobar\u00a0 disponibilidad.<\/p>\n<p><\/div><\/div><br \/>\n<div class=\"omsc-toggle\"><div class=\"omsc-toggle-title\"> \u00bfQU\u00c9 SON LAS CONDICIONES DE PAGO Y RESERVA? <\/div><div class=\"omsc-toggle-inner\"><br \/>\nAceptadas las condiciones de venta de cada destino con\u00a0www.girovai.com\u00a0el cliente\u00a0deber\u00e1 proporcionar:<\/p>\n<ul>\n<li>Un dep\u00f3sito inicial del 30% del costo total del viaje.<\/li>\n<li>En caso de adquirir ticket a\u00e9reo, el cliente deber\u00e1 cancelar el 100% del costo del mismo en un plazo no superior a 10 d\u00edas contados desde la misma aceptaci\u00f3n.<\/li>\n<\/ul>\n<p>Pago final:<\/p>\n<ul>\n<li>El saldo total restante que corresponde al 70% del mismo deber\u00e1 ser cancelado 30 d\u00edas antes de la fecha en que comience el viaje hacia el destino.<\/li>\n<li>Su reserva con\u00a0www.girovai.com\u00a0ser\u00e1 confirmada una vez que obtengamos la autorizaci\u00f3n de cupo en su tarjeta de cr\u00e9dito.<\/li>\n<\/ul>\n<p>Las reservas acerca de nuestros destinos ofrecidos por\u00a0www.girovai.com\u00a0deben ser efectuadas con una anticipaci\u00f3n m\u00ednima de 3 meses antes de comenzar el viaje, en caso contrario debe consultarse por disponibilidad.<\/p>\n<p><\/div><\/div><br \/>\n<div class=\"omsc-toggle\"><div class=\"omsc-toggle-title\"> \u00bfCUAL ES LA POL\u00cdTICA DE CANCELACI\u00d3N? <\/div><div class=\"omsc-toggle-inner\"><\/p>\n<p>Los porcentajes de devoluci\u00f3n\/cancelaci\u00f3n se detallan a continuaci\u00f3n<\/p>\n<ul>\n<li>Las cancelaciones recibidas 60 a 45 d\u00edas inclusive, antes de la salida estar\u00e1 sujeto a un cargo por cancelaci\u00f3n del 25% del precio del viaje<\/li>\n<li>Las cancelaciones recibidas 44\u00a0a 28 d\u00edas inclusive, antes de la salida estar\u00e1 sujeto a un cargo por cancelaci\u00f3n del 50% del precio del viaje;<\/li>\n<li>Las cancelaciones recibidas 27\u00a0a 14 d\u00edas inclusive, antes de la salida estar\u00e1 sujeto a un cargo por cancelaci\u00f3n del 75% del precio del viaje<\/li>\n<li>Las cancelaciones recibidas 13\u00a0d\u00edas o menos antes de la salida estar\u00e1n sujetos a la confiscaci\u00f3n del precio del viaje completo.<\/li>\n<\/ul>\n<p><\/div><\/div><br \/>\n<div class=\"omsc-toggle\"><div class=\"omsc-toggle-title\">\u00bfQU\u00c9 ASPECTOS GENERALES DE SALUD DEBER\u00cdA TENER EN CUENTA DURANTE MI VIAJE?<\/div><div class=\"omsc-toggle-inner\"><\/p>\n<p>Es recomendable que prepare un &#8220;botiqu\u00edn personal&#8221; para el viaje, que incluya como m\u00ednimo un kit de primeros auxilios (desinfectante, bendas, parches, tijeras, algod\u00f3n, term\u00f3metro); un repelente de insectos; protectores solares; cremas para las picaduras de insectos; antipir\u00e9ticos (paracetamol); antidiarr\u00e9icos y antibi\u00f3ticos intestinales; y medicinas habituales.<\/p>\n<p><\/div><\/div><br \/>\n<div class=\"omsc-toggle\"><div class=\"omsc-toggle-title\"> \u00bfQU\u00c9 ASPECTOS GENERALES DEBO CONSIDERAR DURANTE MI VIAJE?<\/div><div class=\"omsc-toggle-inner\"><\/p>\n<p>Durante el viaje, le aconsejamos evitar el consumo de verduras y mariscos crudos, el hielo en los l\u00edquidos que consuma, as\u00ed como las bebidas que no est\u00e9n selladas. Una buena forma de evitar infecciones es lavarse correctamente las manos antes de las comidas y en especial despu\u00e9s de utilizar los servicios higi\u00e9nicos. Tambi\u00e9n le sugerimos evitar el contacto con animales. Si usted toma regularmente algunos medicamentos (por ej: hipertensi\u00f3n, epilepsia, enfermedades gastrointestinales, cardiovasculares, etc) le sugerimos informar siempre a su m\u00e9dico tratante antes de su viaje. Si bien es importante no interrumpir los tratamientos habituales, hay que tener en cuenta posibles contraindicaciones o incompatibilidad con las medidas de prevenci\u00f3n de algunas enfermades (por ej: malaria, vacunas, etc) relacionadas con el viaje.<\/p>\n<p><\/div><\/div><br \/>\n<div class=\"omsc-toggle\"><div class=\"omsc-toggle-title\">\u00bfQU\u00c9 CONSIDERACIONES DEBO TENER CON LOS ANIMALES DURANTE EL VIAJE?<\/div><div class=\"omsc-toggle-inner\"><\/p>\n<p>Es aconsejable evitar el contacto con animales que puedan transmitir la rabia.Si sufre la mordedura de un animal, le recomendamos que vaya de inmediato al centro de atenci\u00f3n m\u00e9dico o sanitario m\u00e1s cercano.<\/p>\n<p>La mordedura de un animal (perro, gato, roedor, o murci\u00e9lago) puede implicar la transmisi\u00f3n de enfermedades potencialmente peligrosas para el ser humano, y m\u00e1s frecuentemente de infecciones comunes causadas por bacterias presentes en la saliva estos animales, para lo cual se necesitar\u00e1 un adecuado tratamiento con antibi\u00f3ticos.<\/p>\n<p><\/div><\/div><\/p>\n<p><div class=\"omsc-toggle\"><div class=\"omsc-toggle-title\">\u00bfQU\u00c9 CONSIDERACIONES DEBO TENER CON LOS INSECTOS DURANTE MI VIAJE?<\/div><div class=\"omsc-toggle-inner\"><\/p>\n<p>Es conveniente evitar el uso de desodorantes o perfumes que puedan atraer insectos. No es recomendable caminar a pies descalzos o con hawaianas; utilizar siempre calzado cerrado. Dado que los insectos son la forma de infecci\u00f3n m\u00e1s frecuente durante un viaje, es importante evitar las picaduras utilizando repelentes y otras medidas apropiadas (mosquiteros, poleras de manga larga, calcetines altos, etc). En caso de picaduras de insecto, le recomendamos dar aviso a su gu\u00eda local y desinfectar la zona afectada con especial atenci\u00f3n.<\/p>\n<p><\/div><\/div><\/p>\n<p><div class=\"omsc-toggle\"><div class=\"omsc-toggle-title\">\u00bfDE QU\u00c9 MANERA PUEDO REDUCIR LA POSIBILIDAD DE ENFERMARME DURANTE EL VIAJE?<\/div><div class=\"omsc-toggle-inner\"><\/p>\n<p>Las enfermedades de transmisi\u00f3n feco-oral, como la diarrea del viajero, la Hepatitis A y E, el Tifus, y el C\u00f3lera, son las enfermedades m\u00e1s frecuentes entre los viajeros. La causa es la ingesti\u00f3n de alimentos o bebidas contaminadas por agentes infecciosos (virus, bacterias, par\u00e1sitos) y generalmente se manifiestan con s\u00edntomas en el aparato digestivo (n\u00e1useas, v\u00f3mitos, dolores abdominales, diarrea).<\/p>\n<p>La mejor prevenci\u00f3n es prestar atenci\u00f3n a lo que se come y seguir las siguientes reglas b\u00e1sicas:<\/p>\n<ul>\n<li>Consumir alimentos a base de pescado, carne, crust\u00e1ceos s\u00f3lo si est\u00e1n bien cocidos y a\u00fan calientes.<\/li>\n<li>Evitar los alimentos que contienen huevos (mayonesas, salsas). No comer helados no empaquetados.<\/li>\n<li>Evitar consumir verdura cruda y fruta que no puede ser pelada.<\/li>\n<li>Tomar agua solamente de botellas selladas o bien hervir el agua por al menos 3 minutos.<\/li>\n<li>Evitar de manera radical el hielo en las bebidas.<\/li>\n<li>Evitar el consumo de leche y sus derivados si no se est\u00e1 seguro de su procedencia.<\/li>\n<li>Utilizar agua en botella para lavarse los dientes y tomar medicamentos.<\/li>\n<\/ul>\n<p><\/div><\/div><\/p>\n<p><div class=\"omsc-toggle\"><div class=\"omsc-toggle-title\">\u00bfQU\u00c9 ES EL VIRUS HANTA Y C\u00d3MO PUEDO EVITAR SU PROPAGACI\u00d3N?<\/div><div class=\"omsc-toggle-inner\"><\/p>\n<p>Una menci\u00f3n especial merece esta enfermedad estacional, pues se presenta principalmente en primavera y verano, producto de la invasi\u00f3n del hombre en el h\u00e1bitat del &#8220;rat\u00f3n colilargo&#8221; (Oligoryzomys longicaudatus).\u00a0<span style=\"line-height: 1.5;\">Esta enfermedad se transmite al ser mordido por el roedor, al ingerir alimentos o agua infectados o respirar aire contaminado por saliva, orina o excrementos de \u00e9ste.\u00a0<\/span><\/p>\n<p><span style=\"line-height: 1.5;\">Para evitar el contagio de esta enfermedad, le sugerimos considerar lo siguiente:<\/span><\/p>\n<ul>\n<li>Evitar introducirse entre matorrales y arbustos con frutos.<\/li>\n<li>Al ingresar a bosques o zonas con vegetaci\u00f3n densa, camine por senderos o huellas habilitados.<\/li>\n<li>Al recolectar frutos y semillas silvestres (rosa mosqueta, avellanas, pi\u00f1ones, moras, etc.), no los huela y antes de comerlos, lave muy bien sus manos y los frutos.<\/li>\n<li>Acampar en un lugar autorizado para ello, y asegurarse que dicho lugar tenga la autorizaci\u00f3n del Servicio de Salud correspondiente.<\/li>\n<\/ul>\n<p><\/div><\/div><br \/>\n<\/div>\n","protected":false},"excerpt":{"rendered":"","protected":false},"author":3,"featured_media":0,"parent":0,"menu_order":0,"comment_status":"closed","ping_status":"closed","template":"page-fullwidth.php","meta":{"_acf_changed":false,"footnotes":""},"class_list":["post-2460","page","type-page","status-publish","hentry"],"acf":[],"_links":{"self":[{"href":"https:\/\/girovai.com\/es\/wp-json\/wp\/v2\/pages\/2460","targetHints":{"allow":["GET"]}}],"collection":[{"href":"https:\/\/girovai.com\/es\/wp-json\/wp\/v2\/pages"}],"about":[{"href":"https:\/\/girovai.com\/es\/wp-json\/wp\/v2\/types\/page"}],"author":[{"embeddable":true,"href":"https:\/\/girovai.com\/es\/wp-json\/wp\/v2\/users\/3"}],"replies":[{"embeddable":true,"href":"https:\/\/girovai.com\/es\/wp-json\/wp\/v2\/comments?post=2460"}],"version-history":[{"count":0,"href":"https:\/\/girovai.com\/es\/wp-json\/wp\/v2\/pages\/2460\/revisions"}],"wp:attachment":[{"href":"https:\/\/girovai.com\/es\/wp-json\/wp\/v2\/media?parent=2460"}],"curies":[{"name":"wp","href":"https:\/\/api.w.org\/{rel}","templated":true}]}}