{"id":2454,"date":"2014-05-23T09:23:20","date_gmt":"2014-05-23T09:23:20","guid":{"rendered":"http:\/\/girovai2.wandcclients.com\/es\/conservacion\/"},"modified":"2016-03-08T14:07:51","modified_gmt":"2016-03-08T14:07:51","slug":"conservacion","status":"publish","type":"page","link":"https:\/\/girovai.com\/es\/somos-informacion-general\/conservacion\/","title":{"rendered":"Conservaci\u00f3n"},"content":{"rendered":"<h2>Girovai.Com se compromete a preservar el medio ambiente.<\/h2>\n<p>Nuestros programas est\u00e1n dise\u00f1ados para tener un impacto m\u00ednimo sobre el medio ambiente, y nuestros colaboradores tienen un especial cuidado de la naturaleza.<\/p>\n<p>Girovai.com posee tierras en la Patagonia destinadas \u00fanicamente para la preservaci\u00f3n de la flora y la fauna con el fin de mantener esta hermosa parte del mundo.\u00a0Esto significa que no se someter\u00e1 a la explotaci\u00f3n de ning\u00fan tipo.<\/p>\n<p>Girovai.com es miembro de Leave No Trace, The International Ecotourism Society, Sustainable Travel International and Adventure Travel Trade Association,\u00a0 todas organizaciones l\u00edderes en la promoci\u00f3n del turismo responsable y a la conservaci\u00f3n del ecosistema.<\/p>\n<p>Girovai.com da la bienvenida a todos los viajeros que comparten este esp\u00edritu.<\/p>\n<h3>Pablo Valenzuela<\/h3>\n<p>Profundo amante de los bosques y las monta\u00f1as, Pablo Valenzuela (Santiago de Chile, 1964) ha\u00a0dedicado m\u00e1s de veinte a\u00f1os a fotograf\u00edar paisajes chilenos.Autor de varios libros sobre su pa\u00eds, siempre ha tenido una particular sensibilidad por la lluvia, la nieve y la niebla; aquellas condiciones de luz que realzan la magia y poes\u00eda\u00a0de los grandes paisajes y los peque\u00f1os detalles de un Chile que no deja de sorprender.<\/p>\n<p>Una b\u00fasqueda incesante, sin l\u00edmites, que persigue rescatar aquellos momentos \u00fanicos e irrepetibles.<\/p>\n\n\t\t\t\t<p class=\"rs-p-wp-fix\"><\/p>\n\t\t\t\t<sr7-module data-alias=\"sustainability-body\" data-id=\"26\" id=\"SR7_26_1\" data-version=\"6.7.51\">\n\t\t\t\t\t<sr7-adjuster><\/sr7-adjuster>\n\t\t\t\t\t<sr7-content>\n\t\t\t\t\t\t<sr7-slide id=\"SR7_26_1-77\" data-key=\"77\">\n\t\t\t\t\t\t\t<sr7-bg id=\"SR7_26_1-77-slidebg\" class=\"sr7-layer\"><noscript><img decoding=\"async\" src=\"https:\/\/girovai.com\/wp-content\/uploads\/2014\/07\/sustainability01.jpg\" alt=\"\" title=\"Conservaci\u00f3n\"><\/noscript><\/sr7-bg>\n\t\t\t\t\t\t<\/sr7-slide>\n\t\t\t\t\t\t<sr7-slide id=\"SR7_26_1-78\" data-key=\"78\">\n\t\t\t\t\t\t\t<sr7-bg id=\"SR7_26_1-78-slidebg\" class=\"sr7-layer\"><noscript><img decoding=\"async\" src=\"https:\/\/girovai.com\/wp-content\/uploads\/2014\/07\/sustainability02.jpg\" alt=\"\" title=\"Conservaci\u00f3n\"><\/noscript><\/sr7-bg>\n\t\t\t\t\t\t<\/sr7-slide>\n\t\t\t\t\t\t<sr7-slide id=\"SR7_26_1-79\" data-key=\"79\">\n\t\t\t\t\t\t\t<sr7-bg id=\"SR7_26_1-79-slidebg\" class=\"sr7-layer\"><noscript><img decoding=\"async\" src=\"https:\/\/girovai.com\/wp-content\/uploads\/2014\/07\/sustainability03.jpg\" alt=\"\" title=\"Conservaci\u00f3n\"><\/noscript><\/sr7-bg>\n\t\t\t\t\t\t<\/sr7-slide>\n\t\t\t\t\t\t<sr7-slide id=\"SR7_26_1-80\" data-key=\"80\">\n\t\t\t\t\t\t\t<sr7-bg id=\"SR7_26_1-80-slidebg\" class=\"sr7-layer\"><noscript><img decoding=\"async\" src=\"https:\/\/girovai.com\/wp-content\/uploads\/2014\/07\/sustainability04.jpg\" alt=\"\" title=\"Conservaci\u00f3n\"><\/noscript><\/sr7-bg>\n\t\t\t\t\t\t<\/sr7-slide>\n\t\t\t\t\t\t<sr7-slide id=\"SR7_26_1-81\" data-key=\"81\">\n\t\t\t\t\t\t\t<sr7-bg id=\"SR7_26_1-81-slidebg\" class=\"sr7-layer\"><noscript><img decoding=\"async\" src=\"https:\/\/girovai.com\/wp-content\/uploads\/2014\/07\/sustainability05.jpg\" alt=\"\" title=\"Conservaci\u00f3n\"><\/noscript><\/sr7-bg>\n\t\t\t\t\t\t<\/sr7-slide>\n\t\t\t\t\t\t<sr7-slide id=\"SR7_26_1-82\" data-key=\"82\">\n\t\t\t\t\t\t\t<sr7-bg id=\"SR7_26_1-82-slidebg\" class=\"sr7-layer\"><noscript><img decoding=\"async\" src=\"https:\/\/girovai.com\/wp-content\/uploads\/2014\/07\/sustainability06.jpg\" alt=\"\" title=\"Conservaci\u00f3n\"><\/noscript><\/sr7-bg>\n\t\t\t\t\t\t<\/sr7-slide>\n\t\t\t\t\t\t<sr7-slide id=\"SR7_26_1-83\" data-key=\"83\">\n\t\t\t\t\t\t\t<sr7-bg id=\"SR7_26_1-83-slidebg\" class=\"sr7-layer\"><noscript><img decoding=\"async\" src=\"https:\/\/girovai.com\/wp-content\/uploads\/2014\/07\/sustainability07.jpg\" alt=\"\" title=\"Conservaci\u00f3n\"><\/noscript><\/sr7-bg>\n\t\t\t\t\t\t<\/sr7-slide>\n\t\t\t\t\t\t<sr7-slide id=\"SR7_26_1-84\" data-key=\"84\">\n\t\t\t\t\t\t\t<sr7-bg id=\"SR7_26_1-84-slidebg\" class=\"sr7-layer\"><noscript><img decoding=\"async\" src=\"https:\/\/girovai.com\/wp-content\/uploads\/2014\/07\/sustainability08.jpg\" alt=\"\" title=\"Conservaci\u00f3n\"><\/noscript><\/sr7-bg>\n\t\t\t\t\t\t<\/sr7-slide>\n\t\t\t\t\t\t<sr7-slide id=\"SR7_26_1-85\" data-key=\"85\">\n\t\t\t\t\t\t\t<sr7-bg id=\"SR7_26_1-85-slidebg\" class=\"sr7-layer\"><noscript><img decoding=\"async\" src=\"https:\/\/girovai.com\/wp-content\/uploads\/2014\/07\/sustainability09.jpg\" alt=\"\" title=\"Conservaci\u00f3n\"><\/noscript><\/sr7-bg>\n\t\t\t\t\t\t<\/sr7-slide>\n\t\t\t\t\t\t<sr7-slide id=\"SR7_26_1-86\" data-key=\"86\">\n\t\t\t\t\t\t\t<sr7-bg id=\"SR7_26_1-86-slidebg\" class=\"sr7-layer\"><noscript><img decoding=\"async\" src=\"https:\/\/girovai.com\/wp-content\/uploads\/2014\/07\/sustainability10.jpg\" alt=\"\" title=\"Conservaci\u00f3n\"><\/noscript><\/sr7-bg>\n\t\t\t\t\t\t<\/sr7-slide>\n\t\t\t\t\t\t<sr7-slide id=\"SR7_26_1-87\" data-key=\"87\">\n\t\t\t\t\t\t\t<sr7-bg id=\"SR7_26_1-87-slidebg\" class=\"sr7-layer\"><noscript><img decoding=\"async\" src=\"https:\/\/girovai.com\/wp-content\/uploads\/2014\/07\/sustainability11.jpg\" alt=\"\" title=\"Conservaci\u00f3n\"><\/noscript><\/sr7-bg>\n\t\t\t\t\t\t<\/sr7-slide>\n\t\t\t\t\t\t<sr7-slide id=\"SR7_26_1-88\" data-key=\"88\">\n\t\t\t\t\t\t\t<sr7-bg id=\"SR7_26_1-88-slidebg\" class=\"sr7-layer\"><noscript><img decoding=\"async\" src=\"https:\/\/girovai.com\/wp-content\/uploads\/2014\/07\/sustainability12.jpg\" alt=\"\" title=\"Conservaci\u00f3n\"><\/noscript><\/sr7-bg>\n\t\t\t\t\t\t<\/sr7-slide>\n\t\t\t\t\t\t<sr7-slide id=\"SR7_26_1-89\" data-key=\"89\">\n\t\t\t\t\t\t\t<sr7-bg id=\"SR7_26_1-89-slidebg\" class=\"sr7-layer\"><noscript><img decoding=\"async\" src=\"https:\/\/girovai.com\/wp-content\/uploads\/2014\/07\/sustainability13.jpg\" alt=\"\" title=\"Conservaci\u00f3n\"><\/noscript><\/sr7-bg>\n\t\t\t\t\t\t<\/sr7-slide>\n\t\t\t\t\t\t<sr7-slide id=\"SR7_26_1-90\" data-key=\"90\">\n\t\t\t\t\t\t\t<sr7-bg id=\"SR7_26_1-90-slidebg\" class=\"sr7-layer\"><noscript><img decoding=\"async\" src=\"https:\/\/girovai.com\/wp-content\/uploads\/2014\/07\/sustainability14.jpg\" alt=\"\" title=\"Conservaci\u00f3n\"><\/noscript><\/sr7-bg>\n\t\t\t\t\t\t<\/sr7-slide>\n\t\t\t\t\t\t<sr7-slide id=\"SR7_26_1-91\" data-key=\"91\">\n\t\t\t\t\t\t\t<sr7-bg id=\"SR7_26_1-91-slidebg\" class=\"sr7-layer\"><noscript><img decoding=\"async\" src=\"https:\/\/girovai.com\/wp-content\/uploads\/2014\/07\/sustainability15.jpg\" alt=\"\" title=\"Conservaci\u00f3n\"><\/noscript><\/sr7-bg>\n\t\t\t\t\t\t<\/sr7-slide>\n\t\t\t\t\t\t<sr7-slide id=\"SR7_26_1-92\" data-key=\"92\">\n\t\t\t\t\t\t\t<sr7-bg id=\"SR7_26_1-92-slidebg\" class=\"sr7-layer\"><noscript><img decoding=\"async\" src=\"https:\/\/girovai.com\/wp-content\/uploads\/2014\/07\/sustainability16.jpg\" alt=\"\" title=\"Conservaci\u00f3n\"><\/noscript><\/sr7-bg>\n\t\t\t\t\t\t<\/sr7-slide>\n\t\t\t\t\t\t<sr7-slide id=\"SR7_26_1-93\" data-key=\"93\">\n\t\t\t\t\t\t\t<sr7-bg id=\"SR7_26_1-93-slidebg\" class=\"sr7-layer\"><noscript><img decoding=\"async\" src=\"https:\/\/girovai.com\/wp-content\/uploads\/2014\/07\/sustainability17.jpg\" alt=\"\" title=\"Conservaci\u00f3n\"><\/noscript><\/sr7-bg>\n\t\t\t\t\t\t<\/sr7-slide>\n\t\t\t\t\t\t<sr7-slide id=\"SR7_26_1-426\" data-key=\"426\">\n\t\t\t\t\t\t<\/sr7-slide>\n\t\t\t\t\t<\/sr7-content>\n\t\t\t\t<\/sr7-module>\n\t\t\t\t<script>\n\t\t\t\t\twindow.SR7 ??={};SR7.PMH ??={}; SR7.PMH[\"SR7_26_1\"] = {cn:100,state:false,fn: function() { if (window._tpt!==undefined && window._tpt.prepareModuleHeight !== undefined) {  _tpt.prepareModuleHeight({id:\"SR7_26_1\",el:[400],type:'standard',shdw:'0',gh:[400],gw:[600],vpt:['-200px'],size:{fullWidth:false, fullHeight:false},mh:'0',onh:0,onw:0,bg:{color:'#E9E9E9'},plType:'0',plColor:'#FFFFFF'});   SR7.PMH[\"SR7_26_1\"].state=true;} else if(SR7.PMH[\"SR7_26_1\"].cn-->0)\tsetTimeout( SR7.PMH[\"SR7_26_1\"].fn,19);}};SR7.PMH[\"SR7_26_1\" ].fn();\n\t\t\t\t<\/script>\n\n","protected":false},"excerpt":{"rendered":"<p>Girovai.Com se compromete a preservar el medio ambiente. Nuestros programas est\u00e1n dise\u00f1ados para tener un impacto m\u00ednimo sobre el medio ambiente, y nuestros colaboradores tienen un especial cuidado de la naturaleza. Girovai.com posee tierras en la Patagonia destinadas \u00fanicamente para la preservaci\u00f3n de la flora y la fauna con el fin de mantener esta hermosa [&hellip;]<\/p>\n","protected":false},"author":3,"featured_media":0,"parent":2463,"menu_order":35,"comment_status":"closed","ping_status":"closed","template":"page-about.php","meta":{"_acf_changed":false,"footnotes":""},"class_list":["post-2454","page","type-page","status-publish","hentry"],"acf":[],"_links":{"self":[{"href":"https:\/\/girovai.com\/es\/wp-json\/wp\/v2\/pages\/2454","targetHints":{"allow":["GET"]}}],"collection":[{"href":"https:\/\/girovai.com\/es\/wp-json\/wp\/v2\/pages"}],"about":[{"href":"https:\/\/girovai.com\/es\/wp-json\/wp\/v2\/types\/page"}],"author":[{"embeddable":true,"href":"https:\/\/girovai.com\/es\/wp-json\/wp\/v2\/users\/3"}],"replies":[{"embeddable":true,"href":"https:\/\/girovai.com\/es\/wp-json\/wp\/v2\/comments?post=2454"}],"version-history":[{"count":0,"href":"https:\/\/girovai.com\/es\/wp-json\/wp\/v2\/pages\/2454\/revisions"}],"up":[{"embeddable":true,"href":"https:\/\/girovai.com\/es\/wp-json\/wp\/v2\/pages\/2463"}],"wp:attachment":[{"href":"https:\/\/girovai.com\/es\/wp-json\/wp\/v2\/media?parent=2454"}],"curies":[{"name":"wp","href":"https:\/\/api.w.org\/{rel}","templated":true}]}}