{"id":2452,"date":"2014-10-28T10:54:26","date_gmt":"2014-10-28T10:54:26","guid":{"rendered":"http:\/\/girovai2.wandcclients.com\/es\/terminos-y-condiciones\/"},"modified":"2016-03-01T13:56:19","modified_gmt":"2016-03-01T13:56:19","slug":"terminos-y-condiciones","status":"publish","type":"page","link":"https:\/\/girovai.com\/es\/somos-informacion-general\/legal-privacy-aspects\/terminos-y-condiciones\/","title":{"rendered":"T\u00e9rminos y condiciones"},"content":{"rendered":"<p><strong>Terms &amp; Conditions<\/strong><\/p>\n<p>A considerar:<\/p>\n<p>De acuerdo a las Pol\u00edticas de Transparencias de Nuestra Empresa y dado a que la zona geogr\u00e1fica es la m\u00e1s austral del mundo, es absolutamente necesario recomendar a todos nuestros clientes contratar seguros de viajes completos y totales desde su pa\u00eds de origen o desde el que se encuentre antes de la fecha del viaje. Este seguro debiese cubrir la cancelaci\u00f3n y\/o restricci\u00f3n del mismo, todos los gastos m\u00e9dicos en su totalidad, lesiones leves, menos graves y graves, muerte y discapacidad permanente o temporal, responsabilidad personal de sus propias acciones, por cuanto nuestra empresa no se responsabiliza de accidentes, p\u00e9rdidas o deterioros de equipaje, vuelos, gastos y m\u00e9dicos. Lo antes expuesto, en atenci\u00f3n a los riesgos que conlleva la realizaci\u00f3n de las rutas que se ofrecen como parte del circuito tur\u00edstico y asunci\u00f3n de riesgos y de liberaci\u00f3n de toda responsabilidad tanto civil como penal, incluyendo casos fortuitos o de fuerza mayor de Girovai.com en el caso de siniestros, de acuerdo y amparados en la legislaci\u00f3n chilena.<\/p>\n<p>Por lo antes expuesto, reconozco y asumo en este acto de manera voluntaria, que s\u00ed existen riesgos en cualquier actividad relacionada con el viaje que contrato. Estos riesgos incluyen no s\u00f3lo los peligros asociados con la participaci\u00f3n en actividades al aire libre, sino que incluyen tambi\u00e9n los peligros asociados con los viajes hacia y desde la ubicaci\u00f3n de estas mismas actividades.<\/p>\n<p>Acepto y estoy de acuerdo con la informaci\u00f3n que se me brinda en lo referente a los riesgos y sus consecuencias y asumo en forma total la responsabilidad. Entiendo adem\u00e1s, que estos riesgos pueden, por ejemplo, derivarse de: una ca\u00edda, lesiones producto del fr\u00edo, las enfermedades relacionadas con inmersi\u00f3n, las enfermedades relacionadas con el calor, las enfermedades relacionadas con la altitud; actos de la naturaleza que puede incluir un rayo, alud, derrumbe, terremoto; la ca\u00edda de rocas, caer en una grieta, cruzar r\u00edos, escalada en roca, nieve o hielo, el esqu\u00ed, accidentes montando a caballo o mula, transporte en avi\u00f3n, barco, bicicleta o veh\u00edculo; las colisiones con veh\u00edculos, peatones, bicicletas, objetos fijos, animales; peligros de las carreteras de todo tipo, no necesariamente se\u00f1alados; problemas clim\u00e1ticos, epidemias, y riesgos derivados de la inestabilidad pol\u00edtica o social.<\/p>\n<p>Por medio del presente doy mi consentimiento pleno y absoluto para recibir tratamiento m\u00e9dico y\/o atenci\u00f3n hospitalaria en caso de urgencias y\/o de emergencias suscitadas como consecuencia de mi participaci\u00f3n en las actividades de viaje, estando yo incapaz de tomar mis propias decisiones, aceptando toda la responsabilidad por los gastos que se generen como resultado de mi lesi\u00f3n, enfermedad o muerte, incluyendo todos los servicios m\u00e9dicos, costos e insumos de los mismos.<\/p>\n<p>Y finalmente certifico y declaro que soy completamente capaz, f\u00edsica y mentalmente para participar en este viaje, y que he tenido conocimiento pleno y han tenido la oportunidad de hacerme consciente de los peligros, riesgos y consecuencias de participar y contratar este viaje. He le\u00eddo cuidadosamente este acuerdo y entiendo completamente su contenido y los t\u00e9rminos que se se\u00f1alan.<\/p>\n","protected":false},"excerpt":{"rendered":"<p>Terms &amp; Conditions A considerar: De acuerdo a las Pol\u00edticas de Transparencias de Nuestra Empresa y dado a que la zona geogr\u00e1fica es la m\u00e1s austral del mundo, es absolutamente necesario recomendar a todos nuestros clientes contratar seguros de viajes completos y totales desde su pa\u00eds de origen o desde el que se encuentre antes [&hellip;]<\/p>\n","protected":false},"author":3,"featured_media":0,"parent":2517,"menu_order":0,"comment_status":"closed","ping_status":"closed","template":"","meta":{"_acf_changed":false,"footnotes":""},"class_list":["post-2452","page","type-page","status-publish","hentry"],"acf":[],"_links":{"self":[{"href":"https:\/\/girovai.com\/es\/wp-json\/wp\/v2\/pages\/2452","targetHints":{"allow":["GET"]}}],"collection":[{"href":"https:\/\/girovai.com\/es\/wp-json\/wp\/v2\/pages"}],"about":[{"href":"https:\/\/girovai.com\/es\/wp-json\/wp\/v2\/types\/page"}],"author":[{"embeddable":true,"href":"https:\/\/girovai.com\/es\/wp-json\/wp\/v2\/users\/3"}],"replies":[{"embeddable":true,"href":"https:\/\/girovai.com\/es\/wp-json\/wp\/v2\/comments?post=2452"}],"version-history":[{"count":0,"href":"https:\/\/girovai.com\/es\/wp-json\/wp\/v2\/pages\/2452\/revisions"}],"up":[{"embeddable":true,"href":"https:\/\/girovai.com\/es\/wp-json\/wp\/v2\/pages\/2517"}],"wp:attachment":[{"href":"https:\/\/girovai.com\/es\/wp-json\/wp\/v2\/media?parent=2452"}],"curies":[{"name":"wp","href":"https:\/\/api.w.org\/{rel}","templated":true}]}}